{"id":745,"date":"2016-03-10T18:51:46","date_gmt":"2016-03-10T18:51:46","guid":{"rendered":"https:\/\/demo05.houzez.co\/?page_id=745"},"modified":"2026-02-26T08:58:00","modified_gmt":"2026-02-26T07:58:00","slug":"terms-and-conditions","status":"publish","type":"page","link":"https:\/\/dextera-notaires.fr\/immobilier\/terms-and-conditions\/","title":{"rendered":"Politique de confidentialit\u00e9"},"content":{"rendered":"<div class=\"av-special-heading av-8cj15-32e36cf52c43b04943784bc8e76e225e av-special-heading-h3  avia-builder-el-1  el_before_av_textblock  avia-builder-el-first \">\n<p class=\"av-special-heading-tag \"><span style=\"font-size: revert; color: initial; font-family: -apple-system, BlinkMacSystemFont, 'Segoe UI', Roboto, Oxygen-Sans, Ubuntu, Cantarell, 'Helvetica Neue', sans-serif;\">La pr\u00e9sente Charte vous informe sur la nature des informations personnelles collect\u00e9es \u00e0 votre sujet, sur la mani\u00e8re et la finalit\u00e9 de leur utilisation, ainsi que sur les destinataires de ces informations.<\/span><\/p>\n<\/div>\n<section class=\"av_textblock_section av-jr22qkr4-e0ba76153c08f53cf401678cd7d3e72c \">\n<div class=\"avia_textblock\">\n<p>Cette Charte s\u2019applique aux informations personnelles concernant nos clients et futurs clients (int\u00e9ress\u00e9s par un service\/produits)<\/p>\n<p>Cette Charte peut \u00eatre modifi\u00e9e, compl\u00e9t\u00e9e ou mise \u00e0 jour afin notamment de se conformer \u00e0 toute \u00e9volution l\u00e9gale, r\u00e9glementaire, jurisprudentielle et technique. Cependant, vos donn\u00e9es personnelles seront toujours trait\u00e9es conform\u00e9ment \u00e0 la politique en vigueur au moment de leur collecte, sauf si une prescription l\u00e9gale imp\u00e9rative venait \u00e0 en disposer autrement et serait d\u2019application r\u00e9troactive.<\/p>\n<p><strong>LE RESPONSABLE DE TRAITEMENT<\/strong><\/p>\n<p>Le responsable de tout traitement \u00e9voqu\u00e9 au sein de la pr\u00e9sente Charte est DEXTERA-NOTAIRES \u2013 20, AVENUE RAPP \u2013 75007 PARIS<\/p>\n<p><strong>LA COLLECTE DES DONN\u00c9ES<\/strong><\/p>\n<p>Les donn\u00e9es vous concernant sont collect\u00e9es directement aupr\u00e8s de vous ou aupr\u00e8s de nos partenaires, apr\u00e8s recueil de votre consentement lorsque cela est n\u00e9cessaire, dans les hypoth\u00e8ses suivantes\u00a0:<\/p>\n<ul>\n<li>Lorsque vous consultez le site internet de l\u2019\u00e9tablissement<\/li>\n<li>Si vous acceptez les cookies<\/li>\n<li>Si vous envoyez un email via le formulaire de la page \u00ab\u00a0Contact\u00a0\u00bb du site<\/li>\n<\/ul>\n<p><strong>LA NATURE DES DONN\u00c9ES COLLECT\u00c9ES<\/strong><\/p>\n<p>Les donn\u00e9es personnelles collect\u00e9es peuvent \u00eatre les suivantes\u00a0:<\/p>\n<ul>\n<li><strong>Coordonn\u00e9es et \u00e9tat civil\u00a0<\/strong>(exemples : nom, adresse \u00e9lectronique).<\/li>\n<\/ul>\n<p><strong>FINALIT\u00c9S ET FONDEMENTS DES TRAITEMENTS.<\/strong><\/p>\n<p>L\u2019\u00e9tablissement ne recueillera vos donn\u00e9es personnelles qu\u2019en fonction d\u2019une finalit\u00e9 pr\u00e9cise, et selon un fondement sp\u00e9cifique (ex\u00e9cution d\u2019un contrat, votre consentement ou int\u00e9r\u00eat l\u00e9gitime de l\u2019\u00e9tablissement).<\/p>\n<p>En fonction de la prestation, les finalit\u00e9s et fondements sont les suivants\u00a0:<\/p>\n<p><strong>Fourniture de produits et services<\/strong><\/p>\n<p>Donn\u00e9es collect\u00e9es\u00a0: identit\u00e9, coordonn\u00e9es.<\/p>\n<p>Finalit\u00e9s\u00a0: prise en charge du client, prise de rendez-vous.<\/p>\n<p>Fondement\u00a0: ex\u00e9cution contractuelle.<\/p>\n<p><strong>Service client et relation commerciale.<\/strong><\/p>\n<p>Donn\u00e9es collect\u00e9es\u00a0: identit\u00e9, coordonn\u00e9es, avis et r\u00e9clamations.<\/p>\n<p>Finalit\u00e9s\u00a0: r\u00e9ponses aux demandes de renseignements et aux r\u00e9clamations.<\/p>\n<p>Fondements\u00a0: int\u00e9r\u00eat l\u00e9gitime de l\u2019\u00e9tablissement et obligation l\u00e9gale (obligations li\u00e9es au droit de r\u00e9tractation du consommateur).<\/p>\n<p><strong>Promotions et communications.<\/strong><\/p>\n<p>Donn\u00e9es collect\u00e9es\u00a0: pr\u00e9f\u00e9rences relatives aux produits et services propos\u00e9s, pr\u00e9f\u00e9rences concernant le m\u00e9dia utilis\u00e9 pour recevoir la communication, des informations sur vos habitudes de vie.<\/p>\n<p>Finalit\u00e9s\u00a0: information du client quant aux actualit\u00e9s, nouveaux produits, offres commerciales.<\/p>\n<p>Fondement\u00a0: int\u00e9r\u00eat l\u00e9gitime de l\u2019\u00e9tablissement.<\/p>\n<p><strong>\u00c9tudes statistiques<\/strong><\/p>\n<p>Donn\u00e9es collect\u00e9es\u00a0: identit\u00e9, donn\u00e9es relatives \u00e0 la relation commerciale et notamment l\u2019utilisation des produits et services, informations sur vos habitudes de vie.<\/p>\n<p>Finalit\u00e9s\u00a0: \u00e9laboration de statistiques, communication d\u2019offres personnalis\u00e9es.<\/p>\n<p>Fondement\u00a0: int\u00e9r\u00eat l\u00e9gitime de l\u2019\u00e9tablissement.<\/p>\n<p><strong>DESTINATAIRES DES DONN\u00c9ES<\/strong><\/p>\n<p>L\u2019\u00e9tablissement est susceptible de partager vos donn\u00e9es avec des organismes autoris\u00e9.<\/p>\n<p>Ainsi, l\u2019\u00e9tablissement peut avoir recours \u00e0 des sous-traitants (toute soci\u00e9t\u00e9 amen\u00e9e \u00e0 traiter des donn\u00e9es personnelles suivant les instructions de l\u2019\u00e9tablissement) pour le traitement de vos donn\u00e9es personnelles dans la limite n\u00e9cessaire \u00e0 l\u2019accomplissement de leurs prestations (exemple\u00a0: g\u00e9rer l\u2019envoi d\u2019offres promotionnelles).<\/p>\n<p>L\u2019\u00e9tablissement veille, par contrat avec le sous-traitant, au respect par celui-ci de la confidentialit\u00e9 et de la s\u00e9curit\u00e9 des donn\u00e9es personnelles qu\u2019ils re\u00e7oivent.<\/p>\n<p>Sauf dans les cas \u00e9nonc\u00e9s ci-dessus, l\u2019\u00e9tablissement s\u2019engage \u00e0 ne pas vendre, louer ou c\u00e9der vos donn\u00e9es personnelles \u00e0 des tiers sans votre consentement.<\/p>\n<p><strong>DUR\u00c9E DE CONSERVATION DES DONN\u00c9ES<\/strong><\/p>\n<p>Vos donn\u00e9es seront conserv\u00e9es en s\u00e9curit\u00e9 par l\u2019\u00e9tablissement pendant la dur\u00e9e strictement n\u00e9cessaire \u00e0 la r\u00e9alisation des finalit\u00e9s qui ont \u00e9t\u00e9 indiqu\u00e9es ci-dessus, ou pendant la dur\u00e9e de conservation minimale pr\u00e9vue par la l\u00e9gislation applicable<\/p>\n<p>Par exemple, les donn\u00e9es li\u00e9es \u00e0 la r\u00e9alisation de la prestation seront conserv\u00e9es pendant toute la dur\u00e9e du contrat, et pendant une dur\u00e9e de 5 ans \u00e0 compter de la fin de la prestation, sauf disposition l\u00e9gale plus contraignante.<\/p>\n<p>Autre exemple\u00a0: les donn\u00e9es li\u00e9es \u00e0 l\u2019envoi d\u2019offres promotionnelles seront conserv\u00e9es 3 ans apr\u00e8s la derni\u00e8re prise de contact, sauf exercice de votre droit d\u2019opposition.<\/p>\n<p><strong>EXERCICE DE VOS DROITS<\/strong><\/p>\n<p>Vous pouvez exercer aupr\u00e8s de l\u2019\u00e9tablissement vos droits d\u2019acc\u00e8s, de rectification, d\u2019effacement, de limitation, portabilit\u00e9 de vos donn\u00e9es, d\u2019opposition aux traitements pour des motifs l\u00e9gitimes, et un droit de d\u00e9finir le sort de vos donn\u00e9es post-mortem.<\/p>\n<p>Vous pouvez exercer ces droits en vous adressant \u00e0 DEXTERA-NOTAIRES \u2013 20, AVENUE RAPP \u2013 75007 PARIS.<\/p>\n<p>Vous pouvez \u00e9galement introduire une r\u00e9clamation directement aupr\u00e8s de la Commission Nationale de l\u2019Informatique et des Libert\u00e9s (CNIL) sur\u00a0<u><a href=\"https:\/\/www.cnil.fr\/\">https:\/\/www.cnil.fr<\/a><\/u>. Pour toute information sur la protection des donn\u00e9es personnelles, vous pouvez \u00e9galement consulter la CNIL.<\/p>\n<\/div>\n<\/section>\n","protected":false},"excerpt":{"rendered":"<p>La pr\u00e9sente Charte vous informe sur la nature des informations personnelles collect\u00e9es \u00e0 votre sujet, sur la mani\u00e8re et la finalit\u00e9 de leur utilisation, ainsi que sur les destinataires de ces informations. Cette Charte s\u2019applique aux informations personnelles concernant nos clients et futurs clients (int\u00e9ress\u00e9s par un service\/produits) Cette Charte peut \u00eatre modifi\u00e9e, compl\u00e9t\u00e9e ou [&hellip;]<\/p>\n","protected":false},"author":1,"featured_media":0,"parent":0,"menu_order":0,"comment_status":"closed","ping_status":"closed","template":"template\/template-page.php","meta":{"footnotes":""},"class_list":["post-745","page","type-page","status-publish","hentry"],"yoast_head":"<!-- This site is optimized with the Yoast SEO plugin v27.4 - https:\/\/yoast.com\/product\/yoast-seo-wordpress\/ -->\n<title>Politique de confidentialit\u00e9 - Dextera Notaires Immobilier<\/title>\n<meta name=\"robots\" content=\"noindex, nofollow\" \/>\n<meta property=\"og:locale\" content=\"fr_FR\" \/>\n<meta property=\"og:type\" content=\"article\" \/>\n<meta property=\"og:title\" content=\"Politique de confidentialit\u00e9 - Dextera Notaires Immobilier\" \/>\n<meta property=\"og:description\" content=\"La pr\u00e9sente Charte vous informe sur la nature des informations personnelles collect\u00e9es \u00e0 votre sujet, sur la mani\u00e8re et la finalit\u00e9 de leur utilisation, ainsi que sur les destinataires de ces informations. Cette Charte s\u2019applique aux informations personnelles concernant nos clients et futurs clients (int\u00e9ress\u00e9s par un service\/produits) Cette Charte peut \u00eatre modifi\u00e9e, compl\u00e9t\u00e9e ou [&hellip;]\" \/>\n<meta property=\"og:url\" content=\"https:\/\/dextera-notaires.fr\/immobilier\/terms-and-conditions\/\" \/>\n<meta property=\"og:site_name\" content=\"Dextera Notaires Immobilier\" \/>\n<meta property=\"article:modified_time\" content=\"2026-02-26T07:58:00+00:00\" \/>\n<meta name=\"twitter:card\" content=\"summary_large_image\" \/>\n<meta name=\"twitter:label1\" content=\"Dur\u00e9e de lecture estim\u00e9e\" \/>\n\t<meta name=\"twitter:data1\" content=\"4 minutes\" \/>\n<script type=\"application\/ld+json\" class=\"yoast-schema-graph\">{\"@context\":\"https:\\\/\\\/schema.org\",\"@graph\":[{\"@type\":\"WebPage\",\"@id\":\"https:\\\/\\\/dextera-notaires.fr\\\/immobilier\\\/terms-and-conditions\\\/\",\"url\":\"https:\\\/\\\/dextera-notaires.fr\\\/immobilier\\\/terms-and-conditions\\\/\",\"name\":\"Politique de confidentialit\u00e9 - Dextera Notaires Immobilier\",\"isPartOf\":{\"@id\":\"https:\\\/\\\/dextera-notaires.fr\\\/immobilier\\\/#website\"},\"datePublished\":\"2016-03-10T18:51:46+00:00\",\"dateModified\":\"2026-02-26T07:58:00+00:00\",\"breadcrumb\":{\"@id\":\"https:\\\/\\\/dextera-notaires.fr\\\/immobilier\\\/terms-and-conditions\\\/#breadcrumb\"},\"inLanguage\":\"fr-FR\",\"potentialAction\":[{\"@type\":\"ReadAction\",\"target\":[\"https:\\\/\\\/dextera-notaires.fr\\\/immobilier\\\/terms-and-conditions\\\/\"]}]},{\"@type\":\"BreadcrumbList\",\"@id\":\"https:\\\/\\\/dextera-notaires.fr\\\/immobilier\\\/terms-and-conditions\\\/#breadcrumb\",\"itemListElement\":[{\"@type\":\"ListItem\",\"position\":1,\"name\":\"Accueil\",\"item\":\"https:\\\/\\\/dextera-notaires.fr\\\/immobilier\\\/\"},{\"@type\":\"ListItem\",\"position\":2,\"name\":\"Politique de confidentialit\u00e9\"}]},{\"@type\":\"WebSite\",\"@id\":\"https:\\\/\\\/dextera-notaires.fr\\\/immobilier\\\/#website\",\"url\":\"https:\\\/\\\/dextera-notaires.fr\\\/immobilier\\\/\",\"name\":\"Dextera Notaires Immobilier\",\"description\":\"Annonces immobili\u00e8res\",\"publisher\":{\"@id\":\"https:\\\/\\\/dextera-notaires.fr\\\/immobilier\\\/#organization\"},\"potentialAction\":[{\"@type\":\"SearchAction\",\"target\":{\"@type\":\"EntryPoint\",\"urlTemplate\":\"https:\\\/\\\/dextera-notaires.fr\\\/immobilier\\\/?s={search_term_string}\"},\"query-input\":{\"@type\":\"PropertyValueSpecification\",\"valueRequired\":true,\"valueName\":\"search_term_string\"}}],\"inLanguage\":\"fr-FR\"},{\"@type\":\"Organization\",\"@id\":\"https:\\\/\\\/dextera-notaires.fr\\\/immobilier\\\/#organization\",\"name\":\"DEXTERA Notaires\",\"alternateName\":\"DEXTERA Notaires\",\"url\":\"https:\\\/\\\/dextera-notaires.fr\\\/immobilier\\\/\",\"logo\":{\"@type\":\"ImageObject\",\"inLanguage\":\"fr-FR\",\"@id\":\"https:\\\/\\\/dextera-notaires.fr\\\/immobilier\\\/#\\\/schema\\\/logo\\\/image\\\/\",\"url\":\"https:\\\/\\\/dextera-notaires.fr\\\/immobilier\\\/wp-content\\\/uploads\\\/2024\\\/12\\\/logo-dextera-notaires-1.png\",\"contentUrl\":\"https:\\\/\\\/dextera-notaires.fr\\\/immobilier\\\/wp-content\\\/uploads\\\/2024\\\/12\\\/logo-dextera-notaires-1.png\",\"width\":590,\"height\":156,\"caption\":\"DEXTERA Notaires\"},\"image\":{\"@id\":\"https:\\\/\\\/dextera-notaires.fr\\\/immobilier\\\/#\\\/schema\\\/logo\\\/image\\\/\"}}]}<\/script>\n<!-- \/ Yoast SEO plugin. -->","yoast_head_json":{"title":"Politique de confidentialit\u00e9 - Dextera Notaires Immobilier","robots":{"index":"noindex","follow":"nofollow"},"og_locale":"fr_FR","og_type":"article","og_title":"Politique de confidentialit\u00e9 - Dextera Notaires Immobilier","og_description":"La pr\u00e9sente Charte vous informe sur la nature des informations personnelles collect\u00e9es \u00e0 votre sujet, sur la mani\u00e8re et la finalit\u00e9 de leur utilisation, ainsi que sur les destinataires de ces informations. Cette Charte s\u2019applique aux informations personnelles concernant nos clients et futurs clients (int\u00e9ress\u00e9s par un service\/produits) Cette Charte peut \u00eatre modifi\u00e9e, compl\u00e9t\u00e9e ou [&hellip;]","og_url":"https:\/\/dextera-notaires.fr\/immobilier\/terms-and-conditions\/","og_site_name":"Dextera Notaires Immobilier","article_modified_time":"2026-02-26T07:58:00+00:00","twitter_card":"summary_large_image","twitter_misc":{"Dur\u00e9e de lecture estim\u00e9e":"4 minutes"},"schema":{"@context":"https:\/\/schema.org","@graph":[{"@type":"WebPage","@id":"https:\/\/dextera-notaires.fr\/immobilier\/terms-and-conditions\/","url":"https:\/\/dextera-notaires.fr\/immobilier\/terms-and-conditions\/","name":"Politique de confidentialit\u00e9 - Dextera Notaires Immobilier","isPartOf":{"@id":"https:\/\/dextera-notaires.fr\/immobilier\/#website"},"datePublished":"2016-03-10T18:51:46+00:00","dateModified":"2026-02-26T07:58:00+00:00","breadcrumb":{"@id":"https:\/\/dextera-notaires.fr\/immobilier\/terms-and-conditions\/#breadcrumb"},"inLanguage":"fr-FR","potentialAction":[{"@type":"ReadAction","target":["https:\/\/dextera-notaires.fr\/immobilier\/terms-and-conditions\/"]}]},{"@type":"BreadcrumbList","@id":"https:\/\/dextera-notaires.fr\/immobilier\/terms-and-conditions\/#breadcrumb","itemListElement":[{"@type":"ListItem","position":1,"name":"Accueil","item":"https:\/\/dextera-notaires.fr\/immobilier\/"},{"@type":"ListItem","position":2,"name":"Politique de confidentialit\u00e9"}]},{"@type":"WebSite","@id":"https:\/\/dextera-notaires.fr\/immobilier\/#website","url":"https:\/\/dextera-notaires.fr\/immobilier\/","name":"Dextera Notaires Immobilier","description":"Annonces immobili\u00e8res","publisher":{"@id":"https:\/\/dextera-notaires.fr\/immobilier\/#organization"},"potentialAction":[{"@type":"SearchAction","target":{"@type":"EntryPoint","urlTemplate":"https:\/\/dextera-notaires.fr\/immobilier\/?s={search_term_string}"},"query-input":{"@type":"PropertyValueSpecification","valueRequired":true,"valueName":"search_term_string"}}],"inLanguage":"fr-FR"},{"@type":"Organization","@id":"https:\/\/dextera-notaires.fr\/immobilier\/#organization","name":"DEXTERA Notaires","alternateName":"DEXTERA Notaires","url":"https:\/\/dextera-notaires.fr\/immobilier\/","logo":{"@type":"ImageObject","inLanguage":"fr-FR","@id":"https:\/\/dextera-notaires.fr\/immobilier\/#\/schema\/logo\/image\/","url":"https:\/\/dextera-notaires.fr\/immobilier\/wp-content\/uploads\/2024\/12\/logo-dextera-notaires-1.png","contentUrl":"https:\/\/dextera-notaires.fr\/immobilier\/wp-content\/uploads\/2024\/12\/logo-dextera-notaires-1.png","width":590,"height":156,"caption":"DEXTERA Notaires"},"image":{"@id":"https:\/\/dextera-notaires.fr\/immobilier\/#\/schema\/logo\/image\/"}}]}},"_links":{"self":[{"href":"https:\/\/dextera-notaires.fr\/immobilier\/wp-json\/wp\/v2\/pages\/745","targetHints":{"allow":["GET"]}}],"collection":[{"href":"https:\/\/dextera-notaires.fr\/immobilier\/wp-json\/wp\/v2\/pages"}],"about":[{"href":"https:\/\/dextera-notaires.fr\/immobilier\/wp-json\/wp\/v2\/types\/page"}],"author":[{"embeddable":true,"href":"https:\/\/dextera-notaires.fr\/immobilier\/wp-json\/wp\/v2\/users\/1"}],"replies":[{"embeddable":true,"href":"https:\/\/dextera-notaires.fr\/immobilier\/wp-json\/wp\/v2\/comments?post=745"}],"version-history":[{"count":0,"href":"https:\/\/dextera-notaires.fr\/immobilier\/wp-json\/wp\/v2\/pages\/745\/revisions"}],"wp:attachment":[{"href":"https:\/\/dextera-notaires.fr\/immobilier\/wp-json\/wp\/v2\/media?parent=745"}],"curies":[{"name":"wp","href":"https:\/\/api.w.org\/{rel}","templated":true}]}}